{"id":2,"date":"2025-09-11T08:54:39","date_gmt":"2025-09-11T08:54:39","guid":{"rendered":"http:\/\/toplayer.fr\/?page_id=2"},"modified":"2025-09-28T12:30:08","modified_gmt":"2025-09-28T12:30:08","slug":"services","status":"publish","type":"page","link":"https:\/\/toplayer.fr\/index.php\/services\/","title":{"rendered":"Services"},"content":{"rendered":"\n<div class=\"wp-block-columns is-layout-flex wp-container-core-columns-is-layout-28f84493 wp-block-columns-is-layout-flex\">\n<div class=\"wp-block-column is-layout-flow wp-block-column-is-layout-flow\">\n<p class=\"has-text-align-center has-ast-global-color-8-color has-text-color has-link-color has-x-large-font-size wp-elements-82d822b43671991c6a17a15a7ebb85f3\"><strong>Nos Services<\/strong><\/p>\n\n\n\n<p class=\"has-text-align-center has-ast-global-color-8-color has-text-color has-link-color wp-elements-79a49eadce0f414bc2893e81966a9fe8\">Solutions compl\u00e8tes en ing\u00e9nierie \u00e9lectronique<\/p>\n<\/div>\n<\/div>\n\n\n\n<div class=\"wp-block-columns has-white-background-color has-background is-layout-flex wp-container-core-columns-is-layout-28f84493 wp-block-columns-is-layout-flex\">\n<div class=\"wp-block-column is-layout-flow wp-block-column-is-layout-flow\" style=\"flex-basis:66.66%\">\n<figure class=\"wp-block-image size-full\"><img loading=\"lazy\" decoding=\"async\" width=\"471\" height=\"283\" src=\"https:\/\/toplayer.fr\/wp-content\/uploads\/2025\/09\/image-4.png\" alt=\"\" class=\"wp-image-85\" srcset=\"https:\/\/toplayer.fr\/wp-content\/uploads\/2025\/09\/image-4.png 471w, https:\/\/toplayer.fr\/wp-content\/uploads\/2025\/09\/image-4-300x180.png 300w\" sizes=\"auto, (max-width: 471px) 100vw, 471px\" \/><\/figure>\n<\/div>\n\n\n\n<div class=\"wp-block-column is-vertically-aligned-center has-ast-global-color-5-background-color has-background is-layout-flow wp-block-column-is-layout-flow\" style=\"flex-basis:33.33%\">\n<figure class=\"wp-block-image size-full is-resized wp-duotone-unset-1\"><img loading=\"lazy\" decoding=\"async\" width=\"360\" height=\"318\" src=\"https:\/\/toplayer.fr\/wp-content\/uploads\/2025\/09\/image-10.png\" alt=\"\" class=\"wp-image-99\" style=\"width:301px;height:auto\" srcset=\"https:\/\/toplayer.fr\/wp-content\/uploads\/2025\/09\/image-10.png 360w, https:\/\/toplayer.fr\/wp-content\/uploads\/2025\/09\/image-10-300x265.png 300w\" sizes=\"auto, (max-width: 360px) 100vw, 360px\" \/><\/figure>\n<\/div>\n<\/div>\n\n\n\n<div class=\"wp-block-columns has-ast-global-color-2-background-color has-background is-layout-flex wp-container-core-columns-is-layout-28f84493 wp-block-columns-is-layout-flex\">\n<div class=\"wp-block-column is-layout-flow wp-block-column-is-layout-flow\" style=\"flex-basis:33.33%\">\n<figure class=\"wp-block-image size-full\"><img loading=\"lazy\" decoding=\"async\" width=\"370\" height=\"304\" src=\"https:\/\/toplayer.fr\/wp-content\/uploads\/2025\/09\/image-12.png\" alt=\"\" class=\"wp-image-102\" srcset=\"https:\/\/toplayer.fr\/wp-content\/uploads\/2025\/09\/image-12.png 370w, https:\/\/toplayer.fr\/wp-content\/uploads\/2025\/09\/image-12-300x246.png 300w\" sizes=\"auto, (max-width: 370px) 100vw, 370px\" \/><\/figure>\n<\/div>\n\n\n\n<div class=\"wp-block-column is-layout-flow wp-block-column-is-layout-flow\" style=\"flex-basis:66.66%\">\n<figure class=\"wp-block-image alignright size-full\"><img loading=\"lazy\" decoding=\"async\" width=\"479\" height=\"326\" src=\"https:\/\/toplayer.fr\/wp-content\/uploads\/2025\/09\/image-5.png\" alt=\"\" class=\"wp-image-87\" srcset=\"https:\/\/toplayer.fr\/wp-content\/uploads\/2025\/09\/image-5.png 479w, https:\/\/toplayer.fr\/wp-content\/uploads\/2025\/09\/image-5-300x204.png 300w\" sizes=\"auto, (max-width: 479px) 100vw, 479px\" \/><\/figure>\n<\/div>\n<\/div>\n\n\n\n<div class=\"wp-block-columns has-ast-global-color-5-background-color has-background is-layout-flex wp-container-core-columns-is-layout-28f84493 wp-block-columns-is-layout-flex\">\n<div class=\"wp-block-column is-layout-flow wp-block-column-is-layout-flow\" style=\"flex-basis:66.66%\">\n<figure class=\"wp-block-image size-full\"><img loading=\"lazy\" decoding=\"async\" width=\"475\" height=\"291\" src=\"https:\/\/toplayer.fr\/wp-content\/uploads\/2025\/09\/image-6.png\" alt=\"\" class=\"wp-image-88\" srcset=\"https:\/\/toplayer.fr\/wp-content\/uploads\/2025\/09\/image-6.png 475w, https:\/\/toplayer.fr\/wp-content\/uploads\/2025\/09\/image-6-300x184.png 300w\" sizes=\"auto, (max-width: 475px) 100vw, 475px\" \/><\/figure>\n<\/div>\n\n\n\n<div class=\"wp-block-column is-layout-flow wp-block-column-is-layout-flow\" style=\"flex-basis:33.33%\">\n<figure class=\"wp-block-image size-full\"><img loading=\"lazy\" decoding=\"async\" width=\"300\" height=\"300\" src=\"https:\/\/toplayer.fr\/wp-content\/uploads\/2025\/09\/image-13.png\" alt=\"\" class=\"wp-image-103\" srcset=\"https:\/\/toplayer.fr\/wp-content\/uploads\/2025\/09\/image-13.png 300w, https:\/\/toplayer.fr\/wp-content\/uploads\/2025\/09\/image-13-100x100.png 100w, https:\/\/toplayer.fr\/wp-content\/uploads\/2025\/09\/image-13-150x150.png 150w\" sizes=\"auto, (max-width: 300px) 100vw, 300px\" \/><\/figure>\n<\/div>\n<\/div>\n\n\n\n<div class=\"wp-block-columns has-ast-global-color-2-background-color has-background is-layout-flex wp-container-core-columns-is-layout-28f84493 wp-block-columns-is-layout-flex\">\n<div class=\"wp-block-column is-layout-flow wp-block-column-is-layout-flow\" style=\"flex-basis:33.33%\">\n<figure class=\"wp-block-image size-full\"><img loading=\"lazy\" decoding=\"async\" width=\"328\" height=\"305\" src=\"https:\/\/toplayer.fr\/wp-content\/uploads\/2025\/09\/image-14.png\" alt=\"\" class=\"wp-image-104\" srcset=\"https:\/\/toplayer.fr\/wp-content\/uploads\/2025\/09\/image-14.png 328w, https:\/\/toplayer.fr\/wp-content\/uploads\/2025\/09\/image-14-300x279.png 300w\" sizes=\"auto, (max-width: 328px) 100vw, 328px\" \/><\/figure>\n<\/div>\n\n\n\n<div class=\"wp-block-column is-layout-flow wp-block-column-is-layout-flow\" style=\"flex-basis:66.66%\">\n<figure class=\"wp-block-image alignright size-full is-resized\"><img loading=\"lazy\" decoding=\"async\" width=\"477\" height=\"294\" src=\"https:\/\/toplayer.fr\/wp-content\/uploads\/2025\/09\/image-9.png\" alt=\"\" class=\"wp-image-91\" style=\"width:477px;height:auto\" srcset=\"https:\/\/toplayer.fr\/wp-content\/uploads\/2025\/09\/image-9.png 477w, https:\/\/toplayer.fr\/wp-content\/uploads\/2025\/09\/image-9-300x185.png 300w\" sizes=\"auto, (max-width: 477px) 100vw, 477px\" \/><\/figure>\n<\/div>\n<\/div>\n\n\n\n<p><\/p>\n","protected":false},"excerpt":{"rendered":"<p>Nos Services Solutions compl\u00e8tes en ing\u00e9nierie \u00e9lectronique<\/p>\n","protected":false},"author":1,"featured_media":0,"parent":0,"menu_order":0,"comment_status":"closed","ping_status":"closed","template":"","meta":{"site-sidebar-layout":"default","site-content-layout":"","ast-site-content-layout":"default","site-content-style":"default","site-sidebar-style":"default","ast-global-header-display":"","ast-banner-title-visibility":"","ast-main-header-display":"","ast-hfb-above-header-display":"","ast-hfb-below-header-display":"","ast-hfb-mobile-header-display":"","site-post-title":"","ast-breadcrumbs-content":"","ast-featured-img":"","footer-sml-layout":"","theme-transparent-header-meta":"","adv-header-id-meta":"","stick-header-meta":"","header-above-stick-meta":"","header-main-stick-meta":"","header-below-stick-meta":"","astra-migrate-meta-layouts":"default","ast-page-background-enabled":"default","ast-page-background-meta":{"desktop":{"background-color":"var(--ast-global-color-5)","background-image":"","background-repeat":"repeat","background-position":"center center","background-size":"auto","background-attachment":"scroll","background-type":"","background-media":"","overlay-type":"","overlay-color":"","overlay-opacity":"","overlay-gradient":""},"tablet":{"background-color":"","background-image":"","background-repeat":"repeat","background-position":"center center","background-size":"auto","background-attachment":"scroll","background-type":"","background-media":"","overlay-type":"","overlay-color":"","overlay-opacity":"","overlay-gradient":""},"mobile":{"background-color":"","background-image":"","background-repeat":"repeat","background-position":"center center","background-size":"auto","background-attachment":"scroll","background-type":"","background-media":"","overlay-type":"","overlay-color":"","overlay-opacity":"","overlay-gradient":""}},"ast-content-background-meta":{"desktop":{"background-color":"var(--ast-global-color-4)","background-image":"","background-repeat":"repeat","background-position":"center center","background-size":"auto","background-attachment":"scroll","background-type":"","background-media":"","overlay-type":"","overlay-color":"","overlay-opacity":"","overlay-gradient":""},"tablet":{"background-color":"var(--ast-global-color-4)","background-image":"","background-repeat":"repeat","background-position":"center center","background-size":"auto","background-attachment":"scroll","background-type":"","background-media":"","overlay-type":"","overlay-color":"","overlay-opacity":"","overlay-gradient":""},"mobile":{"background-color":"var(--ast-global-color-4)","background-image":"","background-repeat":"repeat","background-position":"center center","background-size":"auto","background-attachment":"scroll","background-type":"","background-media":"","overlay-type":"","overlay-color":"","overlay-opacity":"","overlay-gradient":""}},"footnotes":""},"class_list":["post-2","page","type-page","status-publish","hentry"],"_links":{"self":[{"href":"https:\/\/toplayer.fr\/index.php\/wp-json\/wp\/v2\/pages\/2","targetHints":{"allow":["GET"]}}],"collection":[{"href":"https:\/\/toplayer.fr\/index.php\/wp-json\/wp\/v2\/pages"}],"about":[{"href":"https:\/\/toplayer.fr\/index.php\/wp-json\/wp\/v2\/types\/page"}],"author":[{"embeddable":true,"href":"https:\/\/toplayer.fr\/index.php\/wp-json\/wp\/v2\/users\/1"}],"replies":[{"embeddable":true,"href":"https:\/\/toplayer.fr\/index.php\/wp-json\/wp\/v2\/comments?post=2"}],"version-history":[{"count":13,"href":"https:\/\/toplayer.fr\/index.php\/wp-json\/wp\/v2\/pages\/2\/revisions"}],"predecessor-version":[{"id":105,"href":"https:\/\/toplayer.fr\/index.php\/wp-json\/wp\/v2\/pages\/2\/revisions\/105"}],"wp:attachment":[{"href":"https:\/\/toplayer.fr\/index.php\/wp-json\/wp\/v2\/media?parent=2"}],"curies":[{"name":"wp","href":"https:\/\/api.w.org\/{rel}","templated":true}]}}